{"id":14815,"date":"2024-02-05T07:08:47","date_gmt":"2024-02-05T03:08:47","guid":{"rendered":"https:\/\/www.neftchi.org\/videos\/"},"modified":"2024-03-11T06:09:05","modified_gmt":"2024-03-11T02:09:05","slug":"videos","status":"publish","type":"page","link":"https:\/\/www.neftchi.org\/en\/videos\/","title":{"rendered":"Videos"},"content":{"rendered":"\t\t<div data-elementor-type=\"wp-page\" data-elementor-id=\"14815\" class=\"elementor elementor-14815 elementor-12180\" data-elementor-post-type=\"page\">\n\t\t\t\t\t\t<section class=\"elementor-section elementor-top-section elementor-element elementor-element-fac8d2c elementor-section-full_width elementor-section-content-middle elementor-section-stretched elementor-section-height-default elementor-section-height-default\" data-id=\"fac8d2c\" data-element_type=\"section\" data-settings=\"{&quot;stretch_section&quot;:&quot;section-stretched&quot;}\">\n\t\t\t\t\t\t<div class=\"elementor-container elementor-column-gap-default\">\n\t\t\t\t\t<div class=\"elementor-column elementor-col-100 elementor-top-column elementor-element elementor-element-c2d98ae\" data-id=\"c2d98ae\" data-element_type=\"column\">\n\t\t\t<div class=\"elementor-widget-wrap elementor-element-populated\">\n\t\t\t\t\t\t<div class=\"elementor-element elementor-element-4ee8d0e elementor-widget__width-initial elementor-widget elementor-widget-heading\" data-id=\"4ee8d0e\" data-element_type=\"widget\" data-widget_type=\"heading.default\">\n\t\t\t\t<div class=\"elementor-widget-container\">\n\t\t\t\t\t<h2 class=\"elementor-heading-title elementor-size-xl\">NeftchiTV<\/h2>\t\t\t\t<\/div>\n\t\t\t\t<\/div>\n\t\t\t\t<div class=\"elementor-element elementor-element-e44ae6d elementor-widget__width-initial elementor-widget-divider--view-line elementor-widget elementor-widget-divider\" data-id=\"e44ae6d\" data-element_type=\"widget\" data-widget_type=\"divider.default\">\n\t\t\t\t<div class=\"elementor-widget-container\">\n\t\t\t\t\t\t\t<div class=\"elementor-divider\">\n\t\t\t<span class=\"elementor-divider-separator\">\n\t\t\t\t\t\t<\/span>\n\t\t<\/div>\n\t\t\t\t\t\t<\/div>\n\t\t\t\t<\/div>\n\t\t\t\t\t<\/div>\n\t\t<\/div>\n\t\t\t\t\t<\/div>\n\t\t<\/section>\n\t\t\t\t<section class=\"elementor-section elementor-top-section elementor-element elementor-element-51160f5 elementor-section-full_width elementor-section-stretched elementor-section-height-default elementor-section-height-default\" data-id=\"51160f5\" data-element_type=\"section\" data-settings=\"{&quot;stretch_section&quot;:&quot;section-stretched&quot;}\">\n\t\t\t\t\t\t<div class=\"elementor-container elementor-column-gap-default\">\n\t\t\t\t\t<div class=\"elementor-column elementor-col-100 elementor-top-column elementor-element elementor-element-1ff53c6\" data-id=\"1ff53c6\" data-element_type=\"column\" data-settings=\"{&quot;background_background&quot;:&quot;classic&quot;}\">\n\t\t\t<div class=\"elementor-widget-wrap elementor-element-populated\">\n\t\t\t\t\t\t<div class=\"elementor-element elementor-element-56bfaa6 elementor-widget elementor-widget-spacer\" data-id=\"56bfaa6\" data-element_type=\"widget\" data-widget_type=\"spacer.default\">\n\t\t\t\t<div class=\"elementor-widget-container\">\n\t\t\t\t\t\t\t<div class=\"elementor-spacer\">\n\t\t\t<div class=\"elementor-spacer-inner\"><\/div>\n\t\t<\/div>\n\t\t\t\t\t\t<\/div>\n\t\t\t\t<\/div>\n\t\t\t\t<div class=\"elementor-element elementor-element-3b48f76 elementor-widget__width-initial e-tabs-view-vertical elementor-layout-end elementor-widget elementor-widget-video-playlist\" data-id=\"3b48f76\" data-element_type=\"widget\" data-settings=\"{&quot;playlist_title&quot;:&quot;NeftchiTV&quot;,&quot;tabs&quot;:[{&quot;title&quot;:&quot;\\&quot;Neft\\u00e7i\\&quot; \\u0130dman Klubunun 2023-c\\u00fc ild\\u0259 qazand\\u0131\\u011f\\u0131 nailiyy\\u0259tl\\u0259r \\u00f6lk\\u0259 medias\\u0131n\\u0131n g\\u00fcnd\\u0259mind\\u0259&quot;,&quot;youtube_url&quot;:&quot;https:\\\/\\\/www.youtube.com\\\/watch?v=PjMrp5Tuuq4&quot;,&quot;duration&quot;:&quot;3:04&quot;,&quot;thumbnail&quot;:{&quot;url&quot;:&quot;https:\\\/\\\/img.youtube.com\\\/vi\\\/PjMrp5Tuuq4\\\/maxresdefault.jpg&quot;,&quot;id&quot;:&quot;&quot;,&quot;size&quot;:&quot;&quot;},&quot;_id&quot;:&quot;b490d43&quot;,&quot;vimeo_url&quot;:null,&quot;index&quot;:0,&quot;type&quot;:&quot;youtube&quot;,&quot;is_external_url&quot;:null,&quot;hosted_url&quot;:null,&quot;external_url&quot;:null,&quot;section_html_tag&quot;:null,&quot;video_html_tag&quot;:&quot;h4&quot;,&quot;inner_tab_is_content_visible&quot;:&quot;&quot;,&quot;inner_tab_content_1&quot;:null,&quot;inner_tab_content_2&quot;:null},{&quot;title&quot;:&quot;\\u201cNeft\\u00e7i\\u201d \\u0130dman Klubunun 2023-c\\u00fc ild\\u0259ki u\\u011furlar\\u0131n\\u0131 \\u0259ks etdir\\u0259n video\\u00e7arx\\u0131\\u00a0t\\u0259qdim\\u00a0edirik&quot;,&quot;youtube_url&quot;:&quot;https:\\\/\\\/www.youtube.com\\\/watch?v=nXhQyWb5BqI&quot;,&quot;duration&quot;:&quot;5:34&quot;,&quot;thumbnail&quot;:{&quot;url&quot;:&quot;https:\\\/\\\/img.youtube.com\\\/vi\\\/nXhQyWb5BqI\\\/maxresdefault.jpg&quot;,&quot;id&quot;:&quot;&quot;,&quot;size&quot;:&quot;&quot;},&quot;_id&quot;:&quot;6e41e1c&quot;,&quot;vimeo_url&quot;:null,&quot;index&quot;:1,&quot;type&quot;:&quot;youtube&quot;,&quot;is_external_url&quot;:null,&quot;hosted_url&quot;:null,&quot;external_url&quot;:null,&quot;section_html_tag&quot;:null,&quot;video_html_tag&quot;:&quot;h4&quot;,&quot;inner_tab_is_content_visible&quot;:&quot;&quot;,&quot;inner_tab_content_1&quot;:null,&quot;inner_tab_content_2&quot;:null},{&quot;title&quot;:&quot;Q\\u0131l\\u0131ncoynatma \\u00fczr\\u0259 \\u201cNeft\\u00e7i\\&quot; \\u0130dman Klubunun\\u00a0a\\u00e7\\u0131q birinciliyi ke\\u00e7irilib&quot;,&quot;youtube_url&quot;:&quot;https:\\\/\\\/www.youtube.com\\\/watch?v=TFvM_LVadD8&quot;,&quot;duration&quot;:&quot;2:58&quot;,&quot;thumbnail&quot;:{&quot;url&quot;:&quot;https:\\\/\\\/img.youtube.com\\\/vi\\\/TFvM_LVadD8\\\/maxresdefault.jpg&quot;,&quot;id&quot;:&quot;&quot;,&quot;size&quot;:&quot;&quot;},&quot;_id&quot;:&quot;7c76ed4&quot;,&quot;vimeo_url&quot;:null,&quot;index&quot;:2,&quot;type&quot;:&quot;youtube&quot;,&quot;is_external_url&quot;:null,&quot;hosted_url&quot;:null,&quot;external_url&quot;:null,&quot;section_html_tag&quot;:null,&quot;video_html_tag&quot;:&quot;h4&quot;,&quot;inner_tab_is_content_visible&quot;:&quot;&quot;,&quot;inner_tab_content_1&quot;:null,&quot;inner_tab_content_2&quot;:null},{&quot;_id&quot;:&quot;8b30ffe&quot;,&quot;youtube_url&quot;:&quot;https:\\\/\\\/www.youtube.com\\\/watch?v=1GGQ2XyWF6Q&quot;,&quot;vimeo_url&quot;:null,&quot;title&quot;:&quot;\\u201cNeft\\u00e7i\\u201d \\u0130dman Klubunun t\\u0259\\u015fkilat\\u00e7\\u0131l\\u0131\\u011f\\u0131 il\\u0259 stol\\u00fcst\\u00fc tennis yar\\u0131\\u015f\\u0131 ke\\u00e7irildi&quot;,&quot;duration&quot;:&quot;3:46&quot;,&quot;thumbnail&quot;:{&quot;url&quot;:&quot;https:\\\/\\\/img.youtube.com\\\/vi\\\/1GGQ2XyWF6Q\\\/maxresdefault.jpg&quot;,&quot;id&quot;:&quot;&quot;,&quot;size&quot;:&quot;&quot;},&quot;index&quot;:3,&quot;type&quot;:&quot;youtube&quot;,&quot;is_external_url&quot;:null,&quot;hosted_url&quot;:null,&quot;external_url&quot;:null,&quot;section_html_tag&quot;:null,&quot;video_html_tag&quot;:&quot;h4&quot;,&quot;inner_tab_is_content_visible&quot;:&quot;&quot;,&quot;inner_tab_content_1&quot;:null,&quot;inner_tab_content_2&quot;:null},{&quot;_id&quot;:&quot;ae1a642&quot;,&quot;youtube_url&quot;:&quot;https:\\\/\\\/www.youtube.com\\\/watch?v=w-FnF6QgklM&quot;,&quot;vimeo_url&quot;:null,&quot;title&quot;:&quot;C\\u00fcdo \\u00fczr\\u0259 \\&quot;Neft\\u00e7i\\u201d \\u0130dman Klubunun birinciliyi ke\\u00e7irilib&quot;,&quot;duration&quot;:&quot;2:50&quot;,&quot;thumbnail&quot;:{&quot;url&quot;:&quot;https:\\\/\\\/img.youtube.com\\\/vi\\\/w-FnF6QgklM\\\/maxresdefault.jpg&quot;,&quot;id&quot;:&quot;&quot;,&quot;size&quot;:&quot;&quot;},&quot;index&quot;:4,&quot;type&quot;:&quot;youtube&quot;,&quot;is_external_url&quot;:null,&quot;hosted_url&quot;:null,&quot;external_url&quot;:null,&quot;section_html_tag&quot;:null,&quot;video_html_tag&quot;:&quot;h4&quot;,&quot;inner_tab_is_content_visible&quot;:&quot;&quot;,&quot;inner_tab_content_1&quot;:null,&quot;inner_tab_content_2&quot;:null},{&quot;_id&quot;:&quot;c451a28&quot;,&quot;youtube_url&quot;:&quot;https:\\\/\\\/www.youtube.com\\\/watch?v=hQ63w7yIXs8&quot;,&quot;vimeo_url&quot;:null,&quot;title&quot;:&quot;Tofiq \\u0130smay\\u0131lov ad\\u0131na Olimpiya T\\u0259lim-\\u0130dman Kompleksind\\u0259 yeni m\\u00f6vs\\u00fcmd\\u0259 haz\\u0131rl\\u0131qlar davam etdirilir&quot;,&quot;duration&quot;:&quot;6:37&quot;,&quot;thumbnail&quot;:{&quot;url&quot;:&quot;https:\\\/\\\/img.youtube.com\\\/vi\\\/hQ63w7yIXs8\\\/maxresdefault.jpg&quot;,&quot;id&quot;:&quot;&quot;,&quot;size&quot;:&quot;&quot;},&quot;index&quot;:5,&quot;type&quot;:&quot;youtube&quot;,&quot;is_external_url&quot;:null,&quot;hosted_url&quot;:null,&quot;external_url&quot;:null,&quot;section_html_tag&quot;:null,&quot;video_html_tag&quot;:&quot;h4&quot;,&quot;inner_tab_is_content_visible&quot;:&quot;&quot;,&quot;inner_tab_content_1&quot;:null,&quot;inner_tab_content_2&quot;:null},{&quot;_id&quot;:&quot;4b26d5e&quot;,&quot;youtube_url&quot;:&quot;https:\\\/\\\/www.youtube.com\\\/watch?v=Ku7f3fLSdZ8&quot;,&quot;vimeo_url&quot;:null,&quot;title&quot;:&quot;Sumqay\\u0131t T\\u0259lim-\\u0130dman Zal\\u0131nda yeni m\\u00f6vs\\u00fcmd\\u0259 haz\\u0131rl\\u0131qlar davam etdirilir&quot;,&quot;duration&quot;:&quot;4:16&quot;,&quot;thumbnail&quot;:{&quot;url&quot;:&quot;https:\\\/\\\/img.youtube.com\\\/vi\\\/Ku7f3fLSdZ8\\\/maxresdefault.jpg&quot;,&quot;id&quot;:&quot;&quot;,&quot;size&quot;:&quot;&quot;},&quot;index&quot;:6,&quot;type&quot;:&quot;youtube&quot;,&quot;is_external_url&quot;:null,&quot;hosted_url&quot;:null,&quot;external_url&quot;:null,&quot;section_html_tag&quot;:null,&quot;video_html_tag&quot;:&quot;h4&quot;,&quot;inner_tab_is_content_visible&quot;:&quot;&quot;,&quot;inner_tab_content_1&quot;:null,&quot;inner_tab_content_2&quot;:null}],&quot;inner_tab_title_1&quot;:&quot;Tab #1&quot;,&quot;inner_tab_title_2&quot;:&quot;Tab #2&quot;}\" data-widget_type=\"video-playlist.default\">\n\t\t\t\t<div class=\"elementor-widget-container\">\n\t\t\t\t\t\n\t\t<div class=\"e-tabs\">\n\t\t\t<div class=\"e-tabs-main-area\">\n\t\t\t\t<div class=\"e-tabs-wrapper\">\n\t\t\t\t\t<div class=\"e-tabs-header\">\n\t\t\t\t\t\t<h2 class=\"e-tabs-title\">NeftchiTV<\/h2>\n\t\t\t\t\t\t<div class=\"e-tabs-header-right-side\">\n\t\t\t\t\t\t\t\t\t\t\t\t\t\t\t<span class=\"e-tabs-videos-count\">7 Videos<\/span>\n\t\t\t\t\t\t\t\t\t\t\t\t\t\t<i aria-hidden=\"true\" class=\"e-tabs-toggle-videos-display-button rotate-down eicon-caret-down\"><\/i>\t\t\t\t\t\t<\/div>\n\t\t\t\t\t<\/div>\n\t\t\t\t\t<div class=\"e-tabs-items-wrapper\">\n\t\t\t\t\t\t<div class=\"e-tabs-items\" role=\"tablist\">\n\t\t\t\t\t\t\t\t\t\t\t\t\t\t\t\t\t\t\t\t\t\t\t\t<div id=\"e-tab-title-6211\" class=\"e-tab-title e-tab-desktop-title\" aria-selected=\"true\" data-tab=\"1\" role=\"tab\" tabindex=\"0\" aria-controls=\"e-tab-content-6211\">\n\t\t\t\t\t\t\t\t\t\t\t\t\t\t\t\t\t\t\t\t\t<div class=\"e-tab-thumbnail\">\n\t\t\t\t\t\t\t\t\t\t\t\t\t\t\t\t\t\t\t\t\t\t\t\t\t<img decoding=\"async\" src=\"https:\/\/img.youtube.com\/vi\/PjMrp5Tuuq4\/maxresdefault.jpg\" alt=\"&quot;Neft\u00e7i&quot; \u0130dman Klubunun 2023-c\u00fc ild\u0259 qazand\u0131\u011f\u0131 nailiyy\u0259tl\u0259r \u00f6lk\u0259 medias\u0131n\u0131n g\u00fcnd\u0259mind\u0259\" loading=\"lazy\" \/>\n\t\t\t\t\t\t\t\t\t\t\t\t\t\t\t\t\t\t\t\t\t\t\t\t<span class=\"icon-play\"><i aria-hidden=\"true\" class=\"fas fa-play-circle\"><\/i><\/span>\n\t\t\t\t\t\t\t\t\t\t\t\t<span class=\"icon-watched\"><i aria-hidden=\"true\" class=\"fas fa-check-circle\"><\/i><\/span>\n\t\t\t\t\t\t\t\t\t\t\t<\/div>\n\t\t\t\t\t\t\t\t\t\t\t\t\t\t\t\t\t\t\t\t<h4 class=\"e-tab-title-text\">\n\t\t\t\t\t\t\t\t\t\t\t<a tabindex=\"0\">\"Neft\u00e7i\" \u0130dman Klubunun 2023-c\u00fc ild\u0259 qazand\u0131\u011f\u0131 nailiyy\u0259tl\u0259r \u00f6lk\u0259 medias\u0131n\u0131n g\u00fcnd\u0259mind\u0259<\/a>\n\t\t\t\t\t\t\t\t\t\t<\/h4>\n\t\t\t\t\t\t\t\t\t\t\t\t\t\t\t\t\t\t\t\t\t<span class=\"e-tab-duration\">3:04<\/span>\n\t\t\t\t\t\t\t\t\t\t\t\t\t\t\t\t\t\t\t<\/div>\n\t\t\t\t\t\t\t\t\t\t\t\t\t\t\t\t\t\t\t\t\t\t\t\t\t\t\t\t\t\t\t\t<div id=\"e-tab-title-6212\" class=\"e-tab-title e-tab-desktop-title\" aria-selected=\"false\" data-tab=\"2\" role=\"tab\" tabindex=\"-1\" aria-controls=\"e-tab-content-6212\">\n\t\t\t\t\t\t\t\t\t\t\t\t\t\t\t\t\t\t\t\t\t<div class=\"e-tab-thumbnail\">\n\t\t\t\t\t\t\t\t\t\t\t\t\t\t\t\t\t\t\t\t\t\t\t\t\t<img decoding=\"async\" src=\"https:\/\/img.youtube.com\/vi\/nXhQyWb5BqI\/maxresdefault.jpg\" alt=\"\u201cNeft\u00e7i\u201d \u0130dman Klubunun 2023-c\u00fc ild\u0259ki u\u011furlar\u0131n\u0131 \u0259ks etdir\u0259n video\u00e7arx\u0131\u00a0t\u0259qdim\u00a0edirik\" loading=\"lazy\" \/>\n\t\t\t\t\t\t\t\t\t\t\t\t\t\t\t\t\t\t\t\t\t\t\t\t<span class=\"icon-play\"><i aria-hidden=\"true\" class=\"fas fa-play-circle\"><\/i><\/span>\n\t\t\t\t\t\t\t\t\t\t\t\t<span class=\"icon-watched\"><i aria-hidden=\"true\" class=\"fas fa-check-circle\"><\/i><\/span>\n\t\t\t\t\t\t\t\t\t\t\t<\/div>\n\t\t\t\t\t\t\t\t\t\t\t\t\t\t\t\t\t\t\t\t<h4 class=\"e-tab-title-text\">\n\t\t\t\t\t\t\t\t\t\t\t<a tabindex=\"0\">\u201cNeft\u00e7i\u201d \u0130dman Klubunun 2023-c\u00fc ild\u0259ki u\u011furlar\u0131n\u0131 \u0259ks etdir\u0259n video\u00e7arx\u0131\u00a0t\u0259qdim\u00a0edirik<\/a>\n\t\t\t\t\t\t\t\t\t\t<\/h4>\n\t\t\t\t\t\t\t\t\t\t\t\t\t\t\t\t\t\t\t\t\t<span class=\"e-tab-duration\">5:34<\/span>\n\t\t\t\t\t\t\t\t\t\t\t\t\t\t\t\t\t\t\t<\/div>\n\t\t\t\t\t\t\t\t\t\t\t\t\t\t\t\t\t\t\t\t\t\t\t\t\t\t\t\t\t\t\t\t<div id=\"e-tab-title-6213\" class=\"e-tab-title e-tab-desktop-title\" aria-selected=\"false\" data-tab=\"3\" role=\"tab\" tabindex=\"-1\" aria-controls=\"e-tab-content-6213\">\n\t\t\t\t\t\t\t\t\t\t\t\t\t\t\t\t\t\t\t\t\t<div class=\"e-tab-thumbnail\">\n\t\t\t\t\t\t\t\t\t\t\t\t\t\t\t\t\t\t\t\t\t\t\t\t\t<img decoding=\"async\" src=\"https:\/\/img.youtube.com\/vi\/TFvM_LVadD8\/maxresdefault.jpg\" alt=\"Q\u0131l\u0131ncoynatma \u00fczr\u0259 \u201cNeft\u00e7i&quot; \u0130dman Klubunun\u00a0a\u00e7\u0131q birinciliyi ke\u00e7irilib\" loading=\"lazy\" \/>\n\t\t\t\t\t\t\t\t\t\t\t\t\t\t\t\t\t\t\t\t\t\t\t\t<span class=\"icon-play\"><i aria-hidden=\"true\" class=\"fas fa-play-circle\"><\/i><\/span>\n\t\t\t\t\t\t\t\t\t\t\t\t<span class=\"icon-watched\"><i aria-hidden=\"true\" class=\"fas fa-check-circle\"><\/i><\/span>\n\t\t\t\t\t\t\t\t\t\t\t<\/div>\n\t\t\t\t\t\t\t\t\t\t\t\t\t\t\t\t\t\t\t\t<h4 class=\"e-tab-title-text\">\n\t\t\t\t\t\t\t\t\t\t\t<a tabindex=\"0\">Q\u0131l\u0131ncoynatma \u00fczr\u0259 \u201cNeft\u00e7i\" \u0130dman Klubunun\u00a0a\u00e7\u0131q birinciliyi ke\u00e7irilib<\/a>\n\t\t\t\t\t\t\t\t\t\t<\/h4>\n\t\t\t\t\t\t\t\t\t\t\t\t\t\t\t\t\t\t\t\t\t<span class=\"e-tab-duration\">2:58<\/span>\n\t\t\t\t\t\t\t\t\t\t\t\t\t\t\t\t\t\t\t<\/div>\n\t\t\t\t\t\t\t\t\t\t\t\t\t\t\t\t\t\t\t\t\t\t\t\t\t\t\t\t\t\t\t\t<div id=\"e-tab-title-6214\" class=\"e-tab-title e-tab-desktop-title\" aria-selected=\"false\" data-tab=\"4\" role=\"tab\" tabindex=\"-1\" aria-controls=\"e-tab-content-6214\">\n\t\t\t\t\t\t\t\t\t\t\t\t\t\t\t\t\t\t\t\t\t<div class=\"e-tab-thumbnail\">\n\t\t\t\t\t\t\t\t\t\t\t\t\t\t\t\t\t\t\t\t\t\t\t\t\t<img decoding=\"async\" src=\"https:\/\/img.youtube.com\/vi\/1GGQ2XyWF6Q\/maxresdefault.jpg\" alt=\"\u201cNeft\u00e7i\u201d \u0130dman Klubunun t\u0259\u015fkilat\u00e7\u0131l\u0131\u011f\u0131 il\u0259 stol\u00fcst\u00fc tennis yar\u0131\u015f\u0131 ke\u00e7irildi\" loading=\"lazy\" \/>\n\t\t\t\t\t\t\t\t\t\t\t\t\t\t\t\t\t\t\t\t\t\t\t\t<span class=\"icon-play\"><i aria-hidden=\"true\" class=\"fas fa-play-circle\"><\/i><\/span>\n\t\t\t\t\t\t\t\t\t\t\t\t<span class=\"icon-watched\"><i aria-hidden=\"true\" class=\"fas fa-check-circle\"><\/i><\/span>\n\t\t\t\t\t\t\t\t\t\t\t<\/div>\n\t\t\t\t\t\t\t\t\t\t\t\t\t\t\t\t\t\t\t\t<h4 class=\"e-tab-title-text\">\n\t\t\t\t\t\t\t\t\t\t\t<a tabindex=\"0\">\u201cNeft\u00e7i\u201d \u0130dman Klubunun t\u0259\u015fkilat\u00e7\u0131l\u0131\u011f\u0131 il\u0259 stol\u00fcst\u00fc tennis yar\u0131\u015f\u0131 ke\u00e7irildi<\/a>\n\t\t\t\t\t\t\t\t\t\t<\/h4>\n\t\t\t\t\t\t\t\t\t\t\t\t\t\t\t\t\t\t\t\t\t<span class=\"e-tab-duration\">3:46<\/span>\n\t\t\t\t\t\t\t\t\t\t\t\t\t\t\t\t\t\t\t<\/div>\n\t\t\t\t\t\t\t\t\t\t\t\t\t\t\t\t\t\t\t\t\t\t\t\t\t\t\t\t\t\t\t\t<div id=\"e-tab-title-6215\" class=\"e-tab-title e-tab-desktop-title\" aria-selected=\"false\" data-tab=\"5\" role=\"tab\" tabindex=\"-1\" aria-controls=\"e-tab-content-6215\">\n\t\t\t\t\t\t\t\t\t\t\t\t\t\t\t\t\t\t\t\t\t<div class=\"e-tab-thumbnail\">\n\t\t\t\t\t\t\t\t\t\t\t\t\t\t\t\t\t\t\t\t\t\t\t\t\t<img decoding=\"async\" src=\"https:\/\/img.youtube.com\/vi\/w-FnF6QgklM\/maxresdefault.jpg\" alt=\"C\u00fcdo \u00fczr\u0259 &quot;Neft\u00e7i\u201d \u0130dman Klubunun birinciliyi ke\u00e7irilib\" loading=\"lazy\" \/>\n\t\t\t\t\t\t\t\t\t\t\t\t\t\t\t\t\t\t\t\t\t\t\t\t<span class=\"icon-play\"><i aria-hidden=\"true\" class=\"fas fa-play-circle\"><\/i><\/span>\n\t\t\t\t\t\t\t\t\t\t\t\t<span class=\"icon-watched\"><i aria-hidden=\"true\" class=\"fas fa-check-circle\"><\/i><\/span>\n\t\t\t\t\t\t\t\t\t\t\t<\/div>\n\t\t\t\t\t\t\t\t\t\t\t\t\t\t\t\t\t\t\t\t<h4 class=\"e-tab-title-text\">\n\t\t\t\t\t\t\t\t\t\t\t<a tabindex=\"0\">C\u00fcdo \u00fczr\u0259 \"Neft\u00e7i\u201d \u0130dman Klubunun birinciliyi ke\u00e7irilib<\/a>\n\t\t\t\t\t\t\t\t\t\t<\/h4>\n\t\t\t\t\t\t\t\t\t\t\t\t\t\t\t\t\t\t\t\t\t<span class=\"e-tab-duration\">2:50<\/span>\n\t\t\t\t\t\t\t\t\t\t\t\t\t\t\t\t\t\t\t<\/div>\n\t\t\t\t\t\t\t\t\t\t\t\t\t\t\t\t\t\t\t\t\t\t\t\t\t\t\t\t\t\t\t\t<div id=\"e-tab-title-6216\" class=\"e-tab-title e-tab-desktop-title\" aria-selected=\"false\" data-tab=\"6\" role=\"tab\" tabindex=\"-1\" aria-controls=\"e-tab-content-6216\">\n\t\t\t\t\t\t\t\t\t\t\t\t\t\t\t\t\t\t\t\t\t<div class=\"e-tab-thumbnail\">\n\t\t\t\t\t\t\t\t\t\t\t\t\t\t\t\t\t\t\t\t\t\t\t\t\t<img decoding=\"async\" src=\"https:\/\/img.youtube.com\/vi\/hQ63w7yIXs8\/maxresdefault.jpg\" alt=\"Tofiq \u0130smay\u0131lov ad\u0131na Olimpiya T\u0259lim-\u0130dman Kompleksind\u0259 yeni m\u00f6vs\u00fcmd\u0259 haz\u0131rl\u0131qlar davam etdirilir\" loading=\"lazy\" \/>\n\t\t\t\t\t\t\t\t\t\t\t\t\t\t\t\t\t\t\t\t\t\t\t\t<span class=\"icon-play\"><i aria-hidden=\"true\" class=\"fas fa-play-circle\"><\/i><\/span>\n\t\t\t\t\t\t\t\t\t\t\t\t<span class=\"icon-watched\"><i aria-hidden=\"true\" class=\"fas fa-check-circle\"><\/i><\/span>\n\t\t\t\t\t\t\t\t\t\t\t<\/div>\n\t\t\t\t\t\t\t\t\t\t\t\t\t\t\t\t\t\t\t\t<h4 class=\"e-tab-title-text\">\n\t\t\t\t\t\t\t\t\t\t\t<a tabindex=\"0\">Tofiq \u0130smay\u0131lov ad\u0131na Olimpiya T\u0259lim-\u0130dman Kompleksind\u0259 yeni m\u00f6vs\u00fcmd\u0259 haz\u0131rl\u0131qlar davam etdirilir<\/a>\n\t\t\t\t\t\t\t\t\t\t<\/h4>\n\t\t\t\t\t\t\t\t\t\t\t\t\t\t\t\t\t\t\t\t\t<span class=\"e-tab-duration\">6:37<\/span>\n\t\t\t\t\t\t\t\t\t\t\t\t\t\t\t\t\t\t\t<\/div>\n\t\t\t\t\t\t\t\t\t\t\t\t\t\t\t\t\t\t\t\t\t\t\t\t\t\t\t\t\t\t\t\t<div id=\"e-tab-title-6217\" class=\"e-tab-title e-tab-desktop-title\" aria-selected=\"false\" data-tab=\"7\" role=\"tab\" tabindex=\"-1\" aria-controls=\"e-tab-content-6217\">\n\t\t\t\t\t\t\t\t\t\t\t\t\t\t\t\t\t\t\t\t\t<div class=\"e-tab-thumbnail\">\n\t\t\t\t\t\t\t\t\t\t\t\t\t\t\t\t\t\t\t\t\t\t\t\t\t<img decoding=\"async\" src=\"https:\/\/img.youtube.com\/vi\/Ku7f3fLSdZ8\/maxresdefault.jpg\" alt=\"Sumqay\u0131t T\u0259lim-\u0130dman Zal\u0131nda yeni m\u00f6vs\u00fcmd\u0259 haz\u0131rl\u0131qlar davam etdirilir\" loading=\"lazy\" \/>\n\t\t\t\t\t\t\t\t\t\t\t\t\t\t\t\t\t\t\t\t\t\t\t\t<span class=\"icon-play\"><i aria-hidden=\"true\" class=\"fas fa-play-circle\"><\/i><\/span>\n\t\t\t\t\t\t\t\t\t\t\t\t<span class=\"icon-watched\"><i aria-hidden=\"true\" class=\"fas fa-check-circle\"><\/i><\/span>\n\t\t\t\t\t\t\t\t\t\t\t<\/div>\n\t\t\t\t\t\t\t\t\t\t\t\t\t\t\t\t\t\t\t\t<h4 class=\"e-tab-title-text\">\n\t\t\t\t\t\t\t\t\t\t\t<a tabindex=\"0\">Sumqay\u0131t T\u0259lim-\u0130dman Zal\u0131nda yeni m\u00f6vs\u00fcmd\u0259 haz\u0131rl\u0131qlar davam etdirilir<\/a>\n\t\t\t\t\t\t\t\t\t\t<\/h4>\n\t\t\t\t\t\t\t\t\t\t\t\t\t\t\t\t\t\t\t\t\t<span class=\"e-tab-duration\">4:16<\/span>\n\t\t\t\t\t\t\t\t\t\t\t\t\t\t\t\t\t\t\t<\/div>\n\t\t\t\t\t\t\t\t\t\t\t\t\t\t\t\t\t\t\t\t\t<\/div>\n\t\t\t\t\t\t<div class=\"shadow shadow-top\" aria-hidden=\"true\"><\/div>\n\t\t\t\t\t\t<div class=\"shadow shadow-bottom\" aria-hidden=\"true\"><\/div>\n\t\t\t\t\t<\/div>\n\t\t\t\t<\/div>\n\n\t\t\t\t<div class=\"e-tabs-content-wrapper\" role=\"tablist\" aria-orientation=\"vertical\">\n\t\t\t\t\t\t\t\t\t\t\t<div id=\"e-tab-content-6211\" class=\"e-tab-content elementor-clearfix\" data-tab=\"1\" role=\"tabpanel\" aria-labelledby=\"e-tab-title-6211\" tabindex=\"0\" data-video-url=\"https:\/\/www.youtube.com\/watch?v=PjMrp5Tuuq4\" data-video-type=\"youtube\" data-video-title=\"&quot;Neft\u00e7i&quot; \u0130dman Klubunun 2023-c\u00fc ild\u0259 qazand\u0131\u011f\u0131 nailiyy\u0259tl\u0259r \u00f6lk\u0259 medias\u0131n\u0131n g\u00fcnd\u0259mind\u0259\" data-video-duration=\"3:04\">\n\t\t\t\t\t\t\t<div><\/div>\n\t\t\t\t\t\t\t\t\t\t\t\t\t<\/div>\n\t\t\t\t\t\t\t\t\t\t\t<div id=\"e-tab-content-6212\" class=\"e-tab-content elementor-clearfix\" data-tab=\"2\" role=\"tabpanel\" aria-labelledby=\"e-tab-title-6212\" tabindex=\"0\" data-video-url=\"https:\/\/www.youtube.com\/watch?v=nXhQyWb5BqI\" data-video-type=\"youtube\" data-video-title=\"\u201cNeft\u00e7i\u201d \u0130dman Klubunun 2023-c\u00fc ild\u0259ki u\u011furlar\u0131n\u0131 \u0259ks etdir\u0259n video\u00e7arx\u0131\u00a0t\u0259qdim\u00a0edirik\" data-video-duration=\"5:34\" hidden=\"hidden\">\n\t\t\t\t\t\t\t<div><\/div>\n\t\t\t\t\t\t\t\t\t\t\t\t\t<\/div>\n\t\t\t\t\t\t\t\t\t\t\t<div id=\"e-tab-content-6213\" class=\"e-tab-content elementor-clearfix\" data-tab=\"3\" role=\"tabpanel\" aria-labelledby=\"e-tab-title-6213\" tabindex=\"0\" data-video-url=\"https:\/\/www.youtube.com\/watch?v=TFvM_LVadD8\" data-video-type=\"youtube\" data-video-title=\"Q\u0131l\u0131ncoynatma \u00fczr\u0259 \u201cNeft\u00e7i&quot; \u0130dman Klubunun\u00a0a\u00e7\u0131q birinciliyi ke\u00e7irilib\" data-video-duration=\"2:58\" hidden=\"hidden\">\n\t\t\t\t\t\t\t<div><\/div>\n\t\t\t\t\t\t\t\t\t\t\t\t\t<\/div>\n\t\t\t\t\t\t\t\t\t\t\t<div id=\"e-tab-content-6214\" class=\"e-tab-content elementor-clearfix\" data-tab=\"4\" role=\"tabpanel\" aria-labelledby=\"e-tab-title-6214\" tabindex=\"0\" data-video-url=\"https:\/\/www.youtube.com\/watch?v=1GGQ2XyWF6Q\" data-video-type=\"youtube\" data-video-title=\"\u201cNeft\u00e7i\u201d \u0130dman Klubunun t\u0259\u015fkilat\u00e7\u0131l\u0131\u011f\u0131 il\u0259 stol\u00fcst\u00fc tennis yar\u0131\u015f\u0131 ke\u00e7irildi\" data-video-duration=\"3:46\" hidden=\"hidden\">\n\t\t\t\t\t\t\t<div><\/div>\n\t\t\t\t\t\t\t\t\t\t\t\t\t<\/div>\n\t\t\t\t\t\t\t\t\t\t\t<div id=\"e-tab-content-6215\" class=\"e-tab-content elementor-clearfix\" data-tab=\"5\" role=\"tabpanel\" aria-labelledby=\"e-tab-title-6215\" tabindex=\"0\" data-video-url=\"https:\/\/www.youtube.com\/watch?v=w-FnF6QgklM\" data-video-type=\"youtube\" data-video-title=\"C\u00fcdo \u00fczr\u0259 &quot;Neft\u00e7i\u201d \u0130dman Klubunun birinciliyi ke\u00e7irilib\" data-video-duration=\"2:50\" hidden=\"hidden\">\n\t\t\t\t\t\t\t<div><\/div>\n\t\t\t\t\t\t\t\t\t\t\t\t\t<\/div>\n\t\t\t\t\t\t\t\t\t\t\t<div id=\"e-tab-content-6216\" class=\"e-tab-content elementor-clearfix\" data-tab=\"6\" role=\"tabpanel\" aria-labelledby=\"e-tab-title-6216\" tabindex=\"0\" data-video-url=\"https:\/\/www.youtube.com\/watch?v=hQ63w7yIXs8\" data-video-type=\"youtube\" data-video-title=\"Tofiq \u0130smay\u0131lov ad\u0131na Olimpiya T\u0259lim-\u0130dman Kompleksind\u0259 yeni m\u00f6vs\u00fcmd\u0259 haz\u0131rl\u0131qlar davam etdirilir\" data-video-duration=\"6:37\" hidden=\"hidden\">\n\t\t\t\t\t\t\t<div><\/div>\n\t\t\t\t\t\t\t\t\t\t\t\t\t<\/div>\n\t\t\t\t\t\t\t\t\t\t\t<div id=\"e-tab-content-6217\" class=\"e-tab-content elementor-clearfix\" data-tab=\"7\" role=\"tabpanel\" aria-labelledby=\"e-tab-title-6217\" tabindex=\"0\" data-video-url=\"https:\/\/www.youtube.com\/watch?v=Ku7f3fLSdZ8\" data-video-type=\"youtube\" data-video-title=\"Sumqay\u0131t T\u0259lim-\u0130dman Zal\u0131nda yeni m\u00f6vs\u00fcmd\u0259 haz\u0131rl\u0131qlar davam etdirilir\" data-video-duration=\"4:16\" hidden=\"hidden\">\n\t\t\t\t\t\t\t<div><\/div>\n\t\t\t\t\t\t\t\t\t\t\t\t\t<\/div>\n\t\t\t\t\t\t\t\t\t<\/div>\n\t\t\t<\/div>\n\n\t\t\t<div class=\"e-tabs-inner-tabs\" >\n\t\t\t\t\t\t\t\t\t\t\t\t\t\t\t\t\t\t\t\t\t\t\t\t\t\t\t\t\t\t\t\t\t\t\t\t\t\t\t\t\t\t\t\t\t\t\t\t\t\t\t\t\t\t\t\t\t\t\t\t\t\t\t\t\t\t\t\t\t\t<\/div>\n\t\t<\/div>\n\t\t\t\t\t\t<\/div>\n\t\t\t\t<\/div>\n\t\t\t\t<div class=\"elementor-element elementor-element-42acf62 elementor-widget elementor-widget-spacer\" data-id=\"42acf62\" data-element_type=\"widget\" data-widget_type=\"spacer.default\">\n\t\t\t\t<div class=\"elementor-widget-container\">\n\t\t\t\t\t\t\t<div class=\"elementor-spacer\">\n\t\t\t<div class=\"elementor-spacer-inner\"><\/div>\n\t\t<\/div>\n\t\t\t\t\t\t<\/div>\n\t\t\t\t<\/div>\n\t\t\t\t\t<\/div>\n\t\t<\/div>\n\t\t\t\t\t<\/div>\n\t\t<\/section>\n\t\t\t\t<\/div>\n\t\t","protected":false},"excerpt":{"rendered":"<p>NeftchiTV NeftchiTV 7 Videos &#8220;Neft\u00e7i&#8221; \u0130dman Klubunun 2023-c\u00fc ild\u0259 qazand\u0131\u011f\u0131 nailiyy\u0259tl\u0259r \u00f6lk\u0259 medias\u0131n\u0131n g\u00fcnd\u0259mind\u0259 3:04 \u201cNeft\u00e7i\u201d \u0130dman Klubunun 2023-c\u00fc ild\u0259ki u\u011furlar\u0131n\u0131 \u0259ks etdir\u0259n video\u00e7arx\u0131\u00a0t\u0259qdim\u00a0edirik 5:34 Q\u0131l\u0131ncoynatma \u00fczr\u0259 \u201cNeft\u00e7i&#8221; \u0130dman Klubunun\u00a0a\u00e7\u0131q birinciliyi ke\u00e7irilib 2:58 \u201cNeft\u00e7i\u201d \u0130dman Klubunun t\u0259\u015fkilat\u00e7\u0131l\u0131\u011f\u0131 il\u0259 stol\u00fcst\u00fc tennis yar\u0131\u015f\u0131 ke\u00e7irildi 3:46 C\u00fcdo \u00fczr\u0259 &#8220;Neft\u00e7i\u201d \u0130dman Klubunun birinciliyi ke\u00e7irilib 2:50 Tofiq \u0130smay\u0131lov ad\u0131na Olimpiya&#8230;<\/p>\n","protected":false},"author":1,"featured_media":0,"parent":0,"menu_order":0,"comment_status":"closed","ping_status":"closed","template":"","meta":{"footnotes":""},"class_list":["post-14815","page","type-page","status-publish","hentry"],"_links":{"self":[{"href":"https:\/\/www.neftchi.org\/en\/wp-json\/wp\/v2\/pages\/14815","targetHints":{"allow":["GET"]}}],"collection":[{"href":"https:\/\/www.neftchi.org\/en\/wp-json\/wp\/v2\/pages"}],"about":[{"href":"https:\/\/www.neftchi.org\/en\/wp-json\/wp\/v2\/types\/page"}],"author":[{"embeddable":true,"href":"https:\/\/www.neftchi.org\/en\/wp-json\/wp\/v2\/users\/1"}],"replies":[{"embeddable":true,"href":"https:\/\/www.neftchi.org\/en\/wp-json\/wp\/v2\/comments?post=14815"}],"version-history":[{"count":1,"href":"https:\/\/www.neftchi.org\/en\/wp-json\/wp\/v2\/pages\/14815\/revisions"}],"predecessor-version":[{"id":14816,"href":"https:\/\/www.neftchi.org\/en\/wp-json\/wp\/v2\/pages\/14815\/revisions\/14816"}],"wp:attachment":[{"href":"https:\/\/www.neftchi.org\/en\/wp-json\/wp\/v2\/media?parent=14815"}],"curies":[{"name":"wp","href":"https:\/\/api.w.org\/{rel}","templated":true}]}}